{"id":656,"date":"2020-05-12T16:36:20","date_gmt":"2020-05-12T15:36:20","guid":{"rendered":"https:\/\/www.translanekin.eu\/home\/"},"modified":"2022-07-26T08:57:34","modified_gmt":"2022-07-26T07:57:34","slug":"home","status":"publish","type":"page","link":"https:\/\/www.translanekin.eu\/fr\/","title":{"rendered":"Home"},"content":{"rendered":"<p>[et_pb_section fb_built=\u00a0\u00bb1&Prime; fullwidth=\u00a0\u00bbon\u00a0\u00bb _builder_version=\u00a0\u00bb4.16&Prime; global_colors_info=\u00a0\u00bb{}\u00a0\u00bb][et_pb_fullwidth_slider _builder_version=\u00a0\u00bb4.16&Prime; background_enable_image=\u00a0\u00bboff\u00a0\u00bb auto=\u00a0\u00bbon\u00a0\u00bb global_colors_info=\u00a0\u00bb{}\u00a0\u00bb][et_pb_slide heading=\u00a0\u00bbTranslanekin\u00a0\u00bb button_link=\u00a0\u00bb@ET-DC@eyJkeW5hbWljIjp0cnVlLCJjb250ZW50IjoicG9zdF9saW5rX3VybF9wYWdlIiwic2V0dGluZ3MiOnsicG9zdF9pZCI6IjEyIn19@\u00a0\u00bb use_bg_overlay=\u00a0\u00bbon\u00a0\u00bb use_text_overlay=\u00a0\u00bboff\u00a0\u00bb _builder_version=\u00a0\u00bb4.16&Prime; _dynamic_attributes=\u00a0\u00bbbutton_link\u00a0\u00bb header_font=\u00a0\u00bb|600||on|||||\u00a0\u00bb header_text_color=\u00a0\u00bb#226acf\u00a0\u00bb header_font_size=\u00a0\u00bb61px\u00a0\u00bb header_letter_spacing=\u00a0\u00bb1px\u00a0\u00bb body_font_size=\u00a0\u00bb23px\u00a0\u00bb background_image=\u00a0\u00bbhttps:\/\/www.translanekin.eu\/wp-content\/uploads\/2020\/04\/translanekin_portada1.jpg\u00a0\u00bb background_enable_image=\u00a0\u00bbon\u00a0\u00bb header_text_shadow_style=\u00a0\u00bbpreset2&Prime; global_colors_info=\u00a0\u00bb{}\u00a0\u00bb sticky_transition=\u00a0\u00bbon\u00a0\u00bb]<\/p>\n<p><span face=\"trebuchet ms, sans-serif\" style=\"font-family: 'trebuchet ms', sans-serif;\"><span>Un projet pour dynamiser la mobilit\u00e9 professionnelle des deux c\u00f4t\u00e9s des Pyr\u00e9n\u00e9es<\/span><\/span><\/p>\n<p>[\/et_pb_slide][et_pb_slide heading=\u00a0\u00bbTranslanekin\u00a0\u00bb button_link=\u00a0\u00bb@ET-DC@eyJkeW5hbWljIjp0cnVlLCJjb250ZW50IjoicG9zdF9saW5rX3VybF9wYWdlIiwic2V0dGluZ3MiOnsicG9zdF9pZCI6IjEyIn19@\u00a0\u00bb use_bg_overlay=\u00a0\u00bbon\u00a0\u00bb use_text_overlay=\u00a0\u00bboff\u00a0\u00bb _builder_version=\u00a0\u00bb4.16&Prime; _dynamic_attributes=\u00a0\u00bbbutton_link\u00a0\u00bb header_font=\u00a0\u00bb|600||on|||||\u00a0\u00bb header_text_color=\u00a0\u00bb#226acf\u00a0\u00bb header_font_size=\u00a0\u00bb61px\u00a0\u00bb header_letter_spacing=\u00a0\u00bb1px\u00a0\u00bb body_font_size=\u00a0\u00bb23px\u00a0\u00bb background_image=\u00a0\u00bbhttps:\/\/www.translanekin.eu\/wp-content\/uploads\/2020\/04\/translanekin_portada2.jpg\u00a0\u00bb background_enable_image=\u00a0\u00bbon\u00a0\u00bb header_text_shadow_style=\u00a0\u00bbpreset2&Prime; global_colors_info=\u00a0\u00bb{}\u00a0\u00bb sticky_transition=\u00a0\u00bbon\u00a0\u00bb]<\/p>\n<p>Un projet pour dynamiser la mobilit\u00e9 professionnelle des deux c\u00f4t\u00e9s des Pyr\u00e9n\u00e9es<\/p>\n<p>[\/et_pb_slide][et_pb_slide heading=\u00a0\u00bbTranslanekin\u00a0\u00bb button_link=\u00a0\u00bb@ET-DC@eyJkeW5hbWljIjp0cnVlLCJjb250ZW50IjoicG9zdF9saW5rX3VybF9wYWdlIiwic2V0dGluZ3MiOnsicG9zdF9pZCI6IjEyIn19@\u00a0\u00bb use_bg_overlay=\u00a0\u00bbon\u00a0\u00bb use_text_overlay=\u00a0\u00bboff\u00a0\u00bb _builder_version=\u00a0\u00bb4.16&Prime; _dynamic_attributes=\u00a0\u00bbbutton_link\u00a0\u00bb header_font=\u00a0\u00bb|600||on|||||\u00a0\u00bb header_text_color=\u00a0\u00bb#226acf\u00a0\u00bb header_font_size=\u00a0\u00bb61px\u00a0\u00bb header_letter_spacing=\u00a0\u00bb1px\u00a0\u00bb body_font_size=\u00a0\u00bb23px\u00a0\u00bb background_image=\u00a0\u00bbhttps:\/\/www.translanekin.eu\/wp-content\/uploads\/2020\/04\/trabajador-portada.jpg\u00a0\u00bb background_enable_image=\u00a0\u00bbon\u00a0\u00bb header_text_shadow_style=\u00a0\u00bbpreset2&Prime; global_colors_info=\u00a0\u00bb{}\u00a0\u00bb sticky_transition=\u00a0\u00bbon\u00a0\u00bb]Un proyecto para impulsar la movilidad laboral a ambos lados del Pirineo[\/et_pb_slide][\/et_pb_fullwidth_slider][\/et_pb_section][et_pb_section fb_built=\u00a0\u00bb1&Prime; _builder_version=\u00a0\u00bb4.16&Prime; global_colors_info=\u00a0\u00bb{}\u00a0\u00bb][et_pb_row column_structure=\u00a0\u00bb2_3,1_3&Prime; _builder_version=\u00a0\u00bb4.16&Prime; global_colors_info=\u00a0\u00bb{}\u00a0\u00bb][et_pb_column type=\u00a0\u00bb2_3&Prime; _builder_version=\u00a0\u00bb4.16&Prime; global_colors_info=\u00a0\u00bb{}\u00a0\u00bb][et_pb_text _builder_version=\u00a0\u00bb4.16&Prime; text_font_size=\u00a0\u00bb18px\u00a0\u00bb text_orientation=\u00a0\u00bbjustified\u00a0\u00bb global_colors_info=\u00a0\u00bb{}\u00a0\u00bb]<\/p>\n<p>Le projet europ\u00e9en TRANSLANEKIN \u00e0 am\u00e9lior\u00e9 la mobilit\u00e9 pour l&#8217;emploi dans le contexte transfrontalier des personnes en formation professionnelle, des demandeurs d&#8217;emploi, des stagiaires (apprentis), des travailleurs en reconversion, etc. Pour cela, le projet a r\u00e9uni des professionnel.le.s d\u2019orientation, de formation et d&rsquo;insertion d&rsquo;une part, et des recruteur.e.s d&rsquo;autre part. Ces deux types d&rsquo;agents socio-\u00e9conomiques peuvent travailler indiff\u00e9remment dans les secteurs publics et\/ou priv\u00e9s.<\/p>\n<p>Le projet avait un budget total de 630.000\u20ac, dont 59,95 % ont \u00e9t\u00e9 g\u00e9r\u00e9s en Nouvelle Aquitaine, 27,20 % en Navarre et 12,85 % \u00e0 Guipuzkoa. Le projet a \u00e9t\u00e9 cofinanc\u00e9 \u00e0 65 % par le Fonds Europ\u00e9en de D\u00e9veloppement R\u00e9gional (<a href=\"http:\/\/www.red.es\/redes\/%C2%BFquienes-somos\/feder\" target=\"_blank\" rel=\"noopener noreferrer\">FEDER<\/a>) dans le cadre du Programme Interreg V-A Espagne-France-Andorre. Il a \u00e9t\u00e9 s\u00e9lectionn\u00e9 dans le 3<sup>e <\/sup>\u00a0appel <a href=\"https:\/\/www.poctefa.eu\/\" target=\"_blank\" rel=\"noopener noreferrer\">POCTEFA 2014-2020<\/a> r\u00e9solu en 2019, notamment dans l\u2019axe 5 qui fait r\u00e9f\u00e9rence \u00e0 \u00ab Renforcer les comp\u00e9tences et l\u2019inclusion des territoires \u00bb.<\/p>\n<p>L\u2019objectif du POCTEFA a \u00e9t\u00e9 de renforcer l\u2019int\u00e9gration \u00e9conomique et sociale de la zone frontali\u00e8re Hispano-Franco-Andorrane. Son aide s\u00b4est concentr\u00e9 sur le d\u00e9veloppement d\u2019activit\u00e9s \u00e9conomiques, sociales et environnementales transfrontali\u00e8res par le biais de strat\u00e9gies communes en faveur du d\u00e9veloppement territorial durable.<\/p>\n<p>Le projet a \u00e9t\u00e9 d\u00e9velopp\u00e9 entre janvier 2019 et mai 2022 en Navarre, dans les Pyr\u00e9n\u00e9es-Atlantiques (Bearn et Pays Basque fran\u00e7ais) et en Euskadi. Avec un taux de ch\u00f4mage inf\u00e9rieur au taux national, la demande d\u2019emplois dans certains secteurs n\u2019est pas couverte dans ces territoires.<\/p>\n<p>[\/et_pb_text][et_pb_text _builder_version=\u00a0\u00bb4.16&Prime; text_font_size=\u00a0\u00bb18px\u00a0\u00bb text_orientation=\u00a0\u00bbjustified\u00a0\u00bb custom_padding=\u00a0\u00bb10px|10px|10px|10px|false|false\u00a0\u00bb border_width_all=\u00a0\u00bb1px\u00a0\u00bb border_color_all=\u00a0\u00bb#226acf\u00a0\u00bb box_shadow_style=\u00a0\u00bbpreset1&Prime; box_shadow_blur=\u00a0\u00bb8px\u00a0\u00bb box_shadow_spread=\u00a0\u00bb5px\u00a0\u00bb global_colors_info=\u00a0\u00bb{}\u00a0\u00bb]<\/p>\n<p style=\"text-align: center;\">TRANSLANEKIN \u00e0 vise \u00e0 r\u00e9duire \u00ab l\u2019ignorance des besoins des autres \u00bb, une condition pr\u00e9alable au d\u00e9veloppement de l\u2019emploi et \u00e0 l\u2019harmonisation de l\u2019offre de formation dans les territoires transfrontaliers.<\/p>\n<p>[\/et_pb_text][et_pb_text _builder_version=\u00a0\u00bb4.16&Prime; text_font_size=\u00a0\u00bb18px\u00a0\u00bb text_orientation=\u00a0\u00bbjustified\u00a0\u00bb global_colors_info=\u00a0\u00bb{}\u00a0\u00bb]<\/p>\n<p>Ce projet a g\u00e9n\u00e9r\u00e9 de nouveaux m\u00e9canismes de collaboration entre les organismes de formation, les experts en mobilit\u00e9 transfrontali\u00e8re, les employeurs, les entreprises et les services publics de l\u2019emploi afin de relever ce d\u00e9fi. TRANSLANEKIN a propos\u00e9 des solutions concr\u00e8tes et innovantes pour promouvoir les actions de mobilit\u00e9 de la main-d\u2019\u0153uvre entre ces territoires, il est accessible par le biais de plateformes d\u2019enseignement collaboratif. Il inclut la participation de professionnels en garantissant sa continuit\u00e9 et en r\u00e9pondant sur le fond du probl\u00e8me (l\u2019information) et sur la forme de celui-ci (les outils num\u00e9riques collaboratifs).<\/p>\n<p>[\/et_pb_text][et_pb_text _builder_version=\u00a0\u00bb4.17.4&Prime; text_font_size=\u00a0\u00bb18px\u00a0\u00bb text_orientation=\u00a0\u00bbjustified\u00a0\u00bb global_colors_info=\u00a0\u00bb{}\u00a0\u00bb]<\/p>\n<h3><strong>Les objectifs sp\u00e9cifiques du projet ont \u00e9t\u00e9:<\/strong><\/h3>\n<p>[\/et_pb_text][et_pb_blurb image=\u00a0\u00bbhttps:\/\/www.translanekin.eu\/wp-content\/uploads\/2020\/03\/favicon-translatekin.png\u00a0\u00bb alt=\u00a0\u00bbTranslanekin\u00a0\u00bb icon_placement=\u00a0\u00bbleft\u00a0\u00bb _builder_version=\u00a0\u00bb4.16&Prime; global_colors_info=\u00a0\u00bb{}\u00a0\u00bb]<\/p>\n<p>D\u00e9velopper un ensemble d\u2019outils didactiques de mani\u00e8re transfrontali\u00e8re, une formation d\u2019agents et d\u2019itin\u00e9raires p\u00e9dagogiques autour de la mobilit\u00e9 professionnelle transfrontali\u00e8re.<\/p>\n<p>[\/et_pb_blurb][et_pb_blurb image=\u00a0\u00bbhttps:\/\/www.translanekin.eu\/wp-content\/uploads\/2020\/03\/favicon-translatekin.png\u00a0\u00bb alt=\u00a0\u00bbTranslanekin\u00a0\u00bb icon_placement=\u00a0\u00bbleft\u00a0\u00bb _builder_version=\u00a0\u00bb4.16&Prime; global_colors_info=\u00a0\u00bb{}\u00a0\u00bb]<\/p>\n<p>D\u00e9velopper conjointement des outils et des m\u00e9thodologies d\u2019accompagnement pour la mobilit\u00e9 professionnelle transfrontali\u00e8re<span style=\"font-size: 16px;\">.<\/span><\/p>\n<p>[\/et_pb_blurb][et_pb_blurb image=\u00a0\u00bbhttps:\/\/www.translanekin.eu\/wp-content\/uploads\/2020\/03\/favicon-translatekin.png\u00a0\u00bb alt=\u00a0\u00bbTranslanekin\u00a0\u00bb icon_placement=\u00a0\u00bbleft\u00a0\u00bb _builder_version=\u00a0\u00bb4.16&Prime; global_colors_info=\u00a0\u00bb{}\u00a0\u00bb]Structurer une communaut\u00e9 de bonnes conduites en mati\u00e8re de mobilit\u00e9 transfrontali\u00e8re de la main-d\u2019\u0153uvre en renfor\u00e7ant le r\u00e9seau de partenaires.[\/et_pb_blurb][et_pb_text _builder_version=\u00a0\u00bb4.16&Prime; text_font_size=\u00a0\u00bb18px\u00a0\u00bb text_orientation=\u00a0\u00bbjustified\u00a0\u00bb global_colors_info=\u00a0\u00bb{}\u00a0\u00bb]<\/p>\n<p>Le projet a \u00e9t\u00e9 dirig\u00e9 par <a href=\"http:\/\/www.insup.org\/\" target=\"_blank\" rel=\"noopener noreferrer\"><strong> Institut Sup\u00e9rieur de Formation Permanente (INSUP FORMATION)<\/strong><\/a><strong>.<\/strong><\/p>\n<p>[\/et_pb_text][et_pb_text _builder_version=\u00a0\u00bb4.16&Prime; text_font_size=\u00a0\u00bb18px\u00a0\u00bb text_orientation=\u00a0\u00bbjustified\u00a0\u00bb global_colors_info=\u00a0\u00bb{}\u00a0\u00bb]<\/p>\n<p><strong><\/strong><\/p>\n<p>[\/et_pb_text][et_pb_image src=\u00a0\u00bbhttps:\/\/www.translanekin.eu\/wp-content\/uploads\/2020\/04\/icono-eje-home-1000.jpg\u00a0\u00bb align=\u00a0\u00bbcenter\u00a0\u00bb _builder_version=\u00a0\u00bb4.16&Prime; width=\u00a0\u00bb74%\u00a0\u00bb global_colors_info=\u00a0\u00bb{}\u00a0\u00bb][\/et_pb_image][\/et_pb_column][et_pb_column type=\u00a0\u00bb1_3&Prime; _builder_version=\u00a0\u00bb4.16&Prime; background_color=\u00a0\u00bb#f7f7f7&Prime; custom_padding=\u00a0\u00bb1rem|1rem|1rem|1rem|true|true\u00a0\u00bb global_colors_info=\u00a0\u00bb{}\u00a0\u00bb][et_pb_text _builder_version=\u00a0\u00bb4.17.4&Prime; header_2_font=\u00a0\u00bb|600||||on|||\u00a0\u00bb header_2_text_color=\u00a0\u00bb#226acf\u00a0\u00bb global_colors_info=\u00a0\u00bb{}\u00a0\u00bb]<\/p>\n<h2>R\u00e9sultats finaux<\/h2>\n<p>[\/et_pb_text][et_pb_text _builder_version=\u00a0\u00bb4.17.4&Prime; _module_preset=\u00a0\u00bbdefault\u00a0\u00bb text_font_size=\u00a0\u00bb26px\u00a0\u00bb background_color=\u00a0\u00bb#226ACF\u00a0\u00bb custom_padding=\u00a0\u00bb40px||40px||false|false\u00a0\u00bb hover_enabled=\u00a0\u00bb0&Prime; global_colors_info=\u00a0\u00bb{}\u00a0\u00bb link_option_url=\u00a0\u00bbhttps:\/\/action.translanekin.eu\/es\/profesionales\/\u00a0\u00bb link_option_url_new_window=\u00a0\u00bbon\u00a0\u00bb sticky_enabled=\u00a0\u00bb0&Prime;]<\/p>\n<p style=\"text-align: center;\"><span style=\"color: #ffffff;\">Professionel.le.s de l\u00b4emploi<\/span><\/p>\n<p>[\/et_pb_text][et_pb_text _builder_version=\u00a0\u00bb4.17.4&Prime; _module_preset=\u00a0\u00bbdefault\u00a0\u00bb text_font_size=\u00a0\u00bb26px\u00a0\u00bb background_color=\u00a0\u00bb#226ACF\u00a0\u00bb custom_padding=\u00a0\u00bb50px||50px||false|false\u00a0\u00bb link_option_url=\u00a0\u00bbhttps:\/\/action.translanekin.eu\/entreprises\/\u00a0\u00bb link_option_url_new_window=\u00a0\u00bbon\u00a0\u00bb global_colors_info=\u00a0\u00bb{}\u00a0\u00bb]<\/p>\n<p style=\"text-align: center;\"><span style=\"color: #ffffff;\">Entreprises<\/span><\/p>\n<p>[\/et_pb_text][et_pb_text _builder_version=\u00a0\u00bb4.17.4&Prime; _module_preset=\u00a0\u00bbdefault\u00a0\u00bb text_font_size=\u00a0\u00bb26px\u00a0\u00bb background_color=\u00a0\u00bb#226ACF\u00a0\u00bb custom_padding=\u00a0\u00bb50px||50px||false|false\u00a0\u00bb link_option_url=\u00a0\u00bbhttps:\/\/action.translanekin.eu\/ressources\/\u00a0\u00bb link_option_url_new_window=\u00a0\u00bbon\u00a0\u00bb global_colors_info=\u00a0\u00bb{}\u00a0\u00bb]<\/p>\n<p style=\"text-align: center;\"><span style=\"color: #ffffff;\">Ressources<\/span><\/p>\n<p>[\/et_pb_text][et_pb_blog posts_number=\u00a0\u00bb5&Prime; include_categories=\u00a0\u00bball\u00a0\u00bb show_more=\u00a0\u00bbon\u00a0\u00bb show_author=\u00a0\u00bboff\u00a0\u00bb show_excerpt=\u00a0\u00bboff\u00a0\u00bb show_pagination=\u00a0\u00bboff\u00a0\u00bb _builder_version=\u00a0\u00bb4.16&Prime; global_colors_info=\u00a0\u00bb{}\u00a0\u00bb][\/et_pb_blog][\/et_pb_column][\/et_pb_row][\/et_pb_section]<\/p>\n","protected":false},"excerpt":{"rendered":"<p>Un projet pour dynamiser la mobilit\u00e9 professionnelle des deux c\u00f4t\u00e9s des Pyr\u00e9n\u00e9esUn projet pour dynamiser la mobilit\u00e9 professionnelle des deux c\u00f4t\u00e9s des Pyr\u00e9n\u00e9esUn proyecto para impulsar la movilidad laboral a ambos lados del PirineoLe projet europ\u00e9en TRANSLANEKIN \u00e0 am\u00e9lior\u00e9 la mobilit\u00e9 pour l&#8217;emploi dans le contexte transfrontalier des personnes en formation professionnelle, des demandeurs d&#8217;emploi, [&hellip;]<\/p>\n","protected":false},"author":1,"featured_media":0,"parent":0,"menu_order":0,"comment_status":"closed","ping_status":"closed","template":"","meta":{"_et_pb_use_builder":"on","_et_pb_old_content":"","_et_gb_content_width":"","footnotes":""},"class_list":["post-656","page","type-page","status-publish","hentry"],"yoast_head":"<!-- This site is optimized with the Yoast SEO plugin v27.3 - https:\/\/yoast.com\/product\/yoast-seo-wordpress\/ -->\n<title>Home - Translanekin<\/title>\n<meta name=\"robots\" content=\"index, follow, max-snippet:-1, max-image-preview:large, max-video-preview:-1\" \/>\n<link rel=\"canonical\" href=\"https:\/\/www.translanekin.eu\/fr\/\" \/>\n<meta property=\"og:locale\" content=\"fr_FR\" \/>\n<meta property=\"og:type\" content=\"article\" \/>\n<meta property=\"og:title\" content=\"Home - Translanekin\" \/>\n<meta property=\"og:description\" content=\"Un projet pour dynamiser la mobilit\u00e9 professionnelle des deux c\u00f4t\u00e9s des Pyr\u00e9n\u00e9esUn projet pour dynamiser la mobilit\u00e9 professionnelle des deux c\u00f4t\u00e9s des Pyr\u00e9n\u00e9esUn proyecto para impulsar la movilidad laboral a ambos lados del PirineoLe projet europ\u00e9en TRANSLANEKIN \u00e0 am\u00e9lior\u00e9 la mobilit\u00e9 pour l&#039;emploi dans le contexte transfrontalier des personnes en formation professionnelle, des demandeurs d&#039;emploi, [&hellip;]\" \/>\n<meta property=\"og:url\" content=\"https:\/\/www.translanekin.eu\/fr\/\" \/>\n<meta property=\"og:site_name\" content=\"Translanekin\" \/>\n<meta property=\"article:modified_time\" content=\"2022-07-26T07:57:34+00:00\" \/>\n<meta name=\"twitter:card\" content=\"summary_large_image\" \/>\n<meta name=\"twitter:label1\" content=\"Dur\u00e9e de lecture estim\u00e9e\" \/>\n\t<meta name=\"twitter:data1\" content=\"7 minutes\" \/>\n<script type=\"application\/ld+json\" class=\"yoast-schema-graph\">{\"@context\":\"https:\\\/\\\/schema.org\",\"@graph\":[{\"@type\":\"WebPage\",\"@id\":\"https:\\\/\\\/www.translanekin.eu\\\/fr\\\/\",\"url\":\"https:\\\/\\\/www.translanekin.eu\\\/fr\\\/\",\"name\":\"Home - Translanekin\",\"isPartOf\":{\"@id\":\"https:\\\/\\\/www.translanekin.eu\\\/fr\\\/#website\"},\"datePublished\":\"2020-05-12T15:36:20+00:00\",\"dateModified\":\"2022-07-26T07:57:34+00:00\",\"breadcrumb\":{\"@id\":\"https:\\\/\\\/www.translanekin.eu\\\/fr\\\/#breadcrumb\"},\"inLanguage\":\"fr-FR\",\"potentialAction\":[{\"@type\":\"ReadAction\",\"target\":[\"https:\\\/\\\/www.translanekin.eu\\\/fr\\\/\"]}]},{\"@type\":\"BreadcrumbList\",\"@id\":\"https:\\\/\\\/www.translanekin.eu\\\/fr\\\/#breadcrumb\",\"itemListElement\":[{\"@type\":\"ListItem\",\"position\":1,\"name\":\"Portada\",\"item\":\"https:\\\/\\\/www.translanekin.eu\\\/fr\\\/\"},{\"@type\":\"ListItem\",\"position\":2,\"name\":\"Home\"}]},{\"@type\":\"WebSite\",\"@id\":\"https:\\\/\\\/www.translanekin.eu\\\/fr\\\/#website\",\"url\":\"https:\\\/\\\/www.translanekin.eu\\\/fr\\\/\",\"name\":\"Translanekin\",\"description\":\"Un proyecto para impulsar la movilidad laboral a ambos lados del Pirineo\",\"potentialAction\":[{\"@type\":\"SearchAction\",\"target\":{\"@type\":\"EntryPoint\",\"urlTemplate\":\"https:\\\/\\\/www.translanekin.eu\\\/fr\\\/?s={search_term_string}\"},\"query-input\":{\"@type\":\"PropertyValueSpecification\",\"valueRequired\":true,\"valueName\":\"search_term_string\"}}],\"inLanguage\":\"fr-FR\"}]}<\/script>\n<!-- \/ Yoast SEO plugin. -->","yoast_head_json":{"title":"Home - Translanekin","robots":{"index":"index","follow":"follow","max-snippet":"max-snippet:-1","max-image-preview":"max-image-preview:large","max-video-preview":"max-video-preview:-1"},"canonical":"https:\/\/www.translanekin.eu\/fr\/","og_locale":"fr_FR","og_type":"article","og_title":"Home - Translanekin","og_description":"Un projet pour dynamiser la mobilit\u00e9 professionnelle des deux c\u00f4t\u00e9s des Pyr\u00e9n\u00e9esUn projet pour dynamiser la mobilit\u00e9 professionnelle des deux c\u00f4t\u00e9s des Pyr\u00e9n\u00e9esUn proyecto para impulsar la movilidad laboral a ambos lados del PirineoLe projet europ\u00e9en TRANSLANEKIN \u00e0 am\u00e9lior\u00e9 la mobilit\u00e9 pour l'emploi dans le contexte transfrontalier des personnes en formation professionnelle, des demandeurs d'emploi, [&hellip;]","og_url":"https:\/\/www.translanekin.eu\/fr\/","og_site_name":"Translanekin","article_modified_time":"2022-07-26T07:57:34+00:00","twitter_card":"summary_large_image","twitter_misc":{"Dur\u00e9e de lecture estim\u00e9e":"7 minutes"},"schema":{"@context":"https:\/\/schema.org","@graph":[{"@type":"WebPage","@id":"https:\/\/www.translanekin.eu\/fr\/","url":"https:\/\/www.translanekin.eu\/fr\/","name":"Home - Translanekin","isPartOf":{"@id":"https:\/\/www.translanekin.eu\/fr\/#website"},"datePublished":"2020-05-12T15:36:20+00:00","dateModified":"2022-07-26T07:57:34+00:00","breadcrumb":{"@id":"https:\/\/www.translanekin.eu\/fr\/#breadcrumb"},"inLanguage":"fr-FR","potentialAction":[{"@type":"ReadAction","target":["https:\/\/www.translanekin.eu\/fr\/"]}]},{"@type":"BreadcrumbList","@id":"https:\/\/www.translanekin.eu\/fr\/#breadcrumb","itemListElement":[{"@type":"ListItem","position":1,"name":"Portada","item":"https:\/\/www.translanekin.eu\/fr\/"},{"@type":"ListItem","position":2,"name":"Home"}]},{"@type":"WebSite","@id":"https:\/\/www.translanekin.eu\/fr\/#website","url":"https:\/\/www.translanekin.eu\/fr\/","name":"Translanekin","description":"Un proyecto para impulsar la movilidad laboral a ambos lados del Pirineo","potentialAction":[{"@type":"SearchAction","target":{"@type":"EntryPoint","urlTemplate":"https:\/\/www.translanekin.eu\/fr\/?s={search_term_string}"},"query-input":{"@type":"PropertyValueSpecification","valueRequired":true,"valueName":"search_term_string"}}],"inLanguage":"fr-FR"}]}},"_links":{"self":[{"href":"https:\/\/www.translanekin.eu\/fr\/wp-json\/wp\/v2\/pages\/656","targetHints":{"allow":["GET"]}}],"collection":[{"href":"https:\/\/www.translanekin.eu\/fr\/wp-json\/wp\/v2\/pages"}],"about":[{"href":"https:\/\/www.translanekin.eu\/fr\/wp-json\/wp\/v2\/types\/page"}],"author":[{"embeddable":true,"href":"https:\/\/www.translanekin.eu\/fr\/wp-json\/wp\/v2\/users\/1"}],"replies":[{"embeddable":true,"href":"https:\/\/www.translanekin.eu\/fr\/wp-json\/wp\/v2\/comments?post=656"}],"version-history":[{"count":10,"href":"https:\/\/www.translanekin.eu\/fr\/wp-json\/wp\/v2\/pages\/656\/revisions"}],"predecessor-version":[{"id":1898,"href":"https:\/\/www.translanekin.eu\/fr\/wp-json\/wp\/v2\/pages\/656\/revisions\/1898"}],"wp:attachment":[{"href":"https:\/\/www.translanekin.eu\/fr\/wp-json\/wp\/v2\/media?parent=656"}],"curies":[{"name":"wp","href":"https:\/\/api.w.org\/{rel}","templated":true}]}}