{"id":1238,"date":"2021-03-05T09:53:00","date_gmt":"2021-03-05T08:53:00","guid":{"rendered":"https:\/\/www.translanekin.eu\/inscription-reunion-31-mars-2021\/"},"modified":"2021-03-05T10:47:05","modified_gmt":"2021-03-05T09:47:05","slug":"inscription-reunion-31-mars-2021","status":"publish","type":"page","link":"https:\/\/www.translanekin.eu\/fr\/inscription-reunion-31-mars-2021\/","title":{"rendered":"INSCRIPTION R\u00c9UNION  &#8211; 31 mars 2021"},"content":{"rendered":"<p>[et_pb_section fb_built=\u00a0\u00bb1&Prime; fullwidth=\u00a0\u00bbon\u00a0\u00bb _builder_version=\u00a0\u00bb4.8.1&Prime; locked=\u00a0\u00bboff\u00a0\u00bb][et_pb_fullwidth_slider _builder_version=\u00a0\u00bb4.8.1&Prime; background_enable_image=\u00a0\u00bboff\u00a0\u00bb custom_padding=\u00a0\u00bb165px||165px|||\u00a0\u00bb auto=\u00a0\u00bbon\u00a0\u00bb][et_pb_slide heading=\u00a0\u00bbINSCRIPTION R\u00c9UNION  &#8211; 31 mars 2021&Prime; button_link=\u00a0\u00bb@ET-DC@eyJkeW5hbWljIjp0cnVlLCJjb250ZW50IjoicG9zdF9saW5rX3VybF9wYWdlIiwic2V0dGluZ3MiOnsicG9zdF9pZCI6IjEyIn19@\u00a0\u00bb use_bg_overlay=\u00a0\u00bboff\u00a0\u00bb use_text_overlay=\u00a0\u00bbon\u00a0\u00bb _builder_version=\u00a0\u00bb4.8.1&Prime; _dynamic_attributes=\u00a0\u00bbbutton_link\u00a0\u00bb header_font=\u00a0\u00bb|600||on|||||\u00a0\u00bb header_text_color=\u00a0\u00bb#ffffff\u00a0\u00bb header_font_size=\u00a0\u00bb61px\u00a0\u00bb header_letter_spacing=\u00a0\u00bb1px\u00a0\u00bb body_font_size=\u00a0\u00bb19px\u00a0\u00bb background_image=\u00a0\u00bbhttps:\/\/www.translanekin.eu\/wp-content\/uploads\/2021\/03\/INSCRIPCION-REUNION-31-de-marzo-de-2021.jpg\u00a0\u00bb background_enable_image=\u00a0\u00bbon\u00a0\u00bb header_text_shadow_style=\u00a0\u00bbpreset2&Prime; sticky_transition=\u00a0\u00bbon\u00a0\u00bb][\/et_pb_slide][\/et_pb_fullwidth_slider][\/et_pb_section][et_pb_section fb_built=\u00a0\u00bb1&Prime; _builder_version=\u00a0\u00bb4.4.1&Prime;][et_pb_row _builder_version=\u00a0\u00bb4.4.1&Prime;][et_pb_column type=\u00a0\u00bb4_4&Prime; _builder_version=\u00a0\u00bb4.4.1&Prime;][et_pb_contact_form use_spam_service=\u00a0\u00bbon\u00a0\u00bb recaptcha_list=\u00a0\u00bbRecaptcha Translanekin-0&Prime; email=\u00a0\u00bbinfo@translanekin.eu\u00a0\u00bb title=\u00a0\u00bbINSCRIPTION R\u00c9UNION  &#8211; 31 mars 2021&Prime; custom_message=\u00a0\u00bbNuevo mensaje enviado a trav\u00e9s del formulario de contacto de la web Translanekin:||et_pb_line_break_holder||||et_pb_line_break_holder||Email: %%Email%%||et_pb_line_break_holder||||et_pb_line_break_holder||Nombre: %%Name%%||et_pb_line_break_holder||||et_pb_line_break_holder||Apellidos: %%Apellidos%%||et_pb_line_break_holder||||et_pb_line_break_holder||Organizaci\u00f3n: %%Organizaci\u00f3n%%||et_pb_line_break_holder||||et_pb_line_break_holder||Consentimiento: %%consentimiento%%||et_pb_line_break_holder||\u00a0\u00bb success_message=\u00a0\u00bbMerci d\u2019avoir confirm\u00e9 votre inscription, vous recevrez ult\u00e9rieurement le lien pour acc\u00e9der \u00e0 la r\u00e9union.\u00a0\u00bb _builder_version=\u00a0\u00bb4.8.1&Prime; hover_enabled=\u00a0\u00bb0&Prime; sticky_enabled=\u00a0\u00bb0&Prime;][et_pb_contact_field field_id=\u00a0\u00bbEmail\u00a0\u00bb field_title=\u00a0\u00bbAdresse \u00e9lectronique\u00a0\u00bb field_type=\u00a0\u00bbemail\u00a0\u00bb fullwidth_field=\u00a0\u00bbon\u00a0\u00bb _builder_version=\u00a0\u00bb4.8.1&Prime; button_text_size__hover_enabled=\u00a0\u00bboff\u00a0\u00bb button_one_text_size__hover_enabled=\u00a0\u00bboff\u00a0\u00bb button_two_text_size__hover_enabled=\u00a0\u00bboff\u00a0\u00bb button_text_color__hover_enabled=\u00a0\u00bboff\u00a0\u00bb button_one_text_color__hover_enabled=\u00a0\u00bboff\u00a0\u00bb button_two_text_color__hover_enabled=\u00a0\u00bboff\u00a0\u00bb button_border_width__hover_enabled=\u00a0\u00bboff\u00a0\u00bb button_one_border_width__hover_enabled=\u00a0\u00bboff\u00a0\u00bb button_two_border_width__hover_enabled=\u00a0\u00bboff\u00a0\u00bb button_border_color__hover_enabled=\u00a0\u00bboff\u00a0\u00bb button_one_border_color__hover_enabled=\u00a0\u00bboff\u00a0\u00bb button_two_border_color__hover_enabled=\u00a0\u00bboff\u00a0\u00bb button_border_radius__hover_enabled=\u00a0\u00bboff\u00a0\u00bb button_one_border_radius__hover_enabled=\u00a0\u00bboff\u00a0\u00bb button_two_border_radius__hover_enabled=\u00a0\u00bboff\u00a0\u00bb button_letter_spacing__hover_enabled=\u00a0\u00bboff\u00a0\u00bb button_one_letter_spacing__hover_enabled=\u00a0\u00bboff\u00a0\u00bb button_two_letter_spacing__hover_enabled=\u00a0\u00bboff\u00a0\u00bb button_bg_color__hover_enabled=\u00a0\u00bboff\u00a0\u00bb button_one_bg_color__hover_enabled=\u00a0\u00bboff\u00a0\u00bb button_two_bg_color__hover_enabled=\u00a0\u00bboff\u00a0\u00bb][\/et_pb_contact_field][et_pb_contact_field field_id=\u00a0\u00bbName\u00a0\u00bb field_title=\u00a0\u00bbNom\u00a0\u00bb _builder_version=\u00a0\u00bb4.8.1&Prime; button_text_size__hover_enabled=\u00a0\u00bboff\u00a0\u00bb button_one_text_size__hover_enabled=\u00a0\u00bboff\u00a0\u00bb button_two_text_size__hover_enabled=\u00a0\u00bboff\u00a0\u00bb button_text_color__hover_enabled=\u00a0\u00bboff\u00a0\u00bb button_one_text_color__hover_enabled=\u00a0\u00bboff\u00a0\u00bb button_two_text_color__hover_enabled=\u00a0\u00bboff\u00a0\u00bb button_border_width__hover_enabled=\u00a0\u00bboff\u00a0\u00bb button_one_border_width__hover_enabled=\u00a0\u00bboff\u00a0\u00bb button_two_border_width__hover_enabled=\u00a0\u00bboff\u00a0\u00bb button_border_color__hover_enabled=\u00a0\u00bboff\u00a0\u00bb button_one_border_color__hover_enabled=\u00a0\u00bboff\u00a0\u00bb button_two_border_color__hover_enabled=\u00a0\u00bboff\u00a0\u00bb button_border_radius__hover_enabled=\u00a0\u00bboff\u00a0\u00bb button_one_border_radius__hover_enabled=\u00a0\u00bboff\u00a0\u00bb button_two_border_radius__hover_enabled=\u00a0\u00bboff\u00a0\u00bb button_letter_spacing__hover_enabled=\u00a0\u00bboff\u00a0\u00bb button_one_letter_spacing__hover_enabled=\u00a0\u00bboff\u00a0\u00bb button_two_letter_spacing__hover_enabled=\u00a0\u00bboff\u00a0\u00bb button_bg_color__hover_enabled=\u00a0\u00bboff\u00a0\u00bb button_one_bg_color__hover_enabled=\u00a0\u00bboff\u00a0\u00bb button_two_bg_color__hover_enabled=\u00a0\u00bboff\u00a0\u00bb][\/et_pb_contact_field][et_pb_contact_field field_id=\u00a0\u00bbApellidos\u00a0\u00bb field_title=\u00a0\u00bbPr\u00e9nom\u00a0\u00bb _builder_version=\u00a0\u00bb4.8.1&Prime;][\/et_pb_contact_field][et_pb_contact_field field_id=\u00a0\u00bbOrganizaci\u00f3n\u00a0\u00bb field_title=\u00a0\u00bbOrganisme\u00a0\u00bb fullwidth_field=\u00a0\u00bbon\u00a0\u00bb _builder_version=\u00a0\u00bb4.8.1&Prime;][\/et_pb_contact_field][et_pb_contact_field field_id=\u00a0\u00bbconsentimiento\u00a0\u00bb field_title=\u00a0\u00bbConsentement \u00a0\u00bb field_type=\u00a0\u00bbcheckbox\u00a0\u00bb checkbox_options=\u00a0\u00bb%91{%22value%22:%22J&rsquo;accepte la politique de confidentialit\u00e9 %22,%22checked%22:0,%22dragID%22:-1,%22link_url%22:%22https:\/\/www.translanekin.eu\/politica-privacidad\/%22,%22link_text%22:%22(Cliquer-ici)%22}%93&Prime; fullwidth_field=\u00a0\u00bbon\u00a0\u00bb _builder_version=\u00a0\u00bb4.8.1&Prime; hover_enabled=\u00a0\u00bb0&Prime; sticky_enabled=\u00a0\u00bb0&Prime;][\/et_pb_contact_field][\/et_pb_contact_form][et_pb_text _builder_version=\u00a0\u00bb4.8.1&Prime; _module_preset=\u00a0\u00bbdefault\u00a0\u00bb text_font_size=\u00a0\u00bb13px\u00a0\u00bb hover_enabled=\u00a0\u00bb0&Prime; sticky_enabled=\u00a0\u00bb0&Prime;]<\/p>\n<p style=\"font-weight: 400;\">Conform\u00e9ment aux dispositions du r\u00e8glement europ\u00e9en sur la protection des donn\u00e9es, les donn\u00e9es personnelles fournies volontairement avec votre inscription sont g\u00e9r\u00e9es par le responsable de Translanekin qui vous ajoutera \u00e0 la liste de souscripteurs afin de vous envoyer des bulletins d\u2019information via Mailchimp.<\/p>\n<p style=\"font-weight: 400;\">L\u2019utilisateur dispose d\u2019un droit d\u2019acc\u00e8s, de rectification, de limitation ou de suppression des donn\u00e9es. Vous pouvez exercer votre droit d\u2019opposition en envoyant un courriel \u00e0<span>\u00a0<\/span><a href=\"mailto:info@translanekin.eu\">info@translanekin.eu<\/a><span>\u00a0<\/span>\u00e0 partir de l\u2019adresse que vous avez utilis\u00e9e.<\/p>\n<p>.<\/p>\n<p>[\/et_pb_text][\/et_pb_column][\/et_pb_row][\/et_pb_section]<\/p>\n","protected":false},"excerpt":{"rendered":"<p>Conform\u00e9ment aux dispositions du r\u00e8glement europ\u00e9en sur la protection des donn\u00e9es, les donn\u00e9es personnelles fournies volontairement avec votre inscription sont g\u00e9r\u00e9es par le responsable de Translanekin qui vous ajoutera \u00e0 la liste de souscripteurs afin de vous envoyer des bulletins d\u2019information via Mailchimp. L\u2019utilisateur dispose d\u2019un droit d\u2019acc\u00e8s, de rectification, de limitation ou de suppression [&hellip;]<\/p>\n","protected":false},"author":2,"featured_media":0,"parent":0,"menu_order":0,"comment_status":"closed","ping_status":"closed","template":"","meta":{"_et_pb_use_builder":"on","_et_pb_old_content":"","_et_gb_content_width":"","footnotes":""},"class_list":["post-1238","page","type-page","status-publish","hentry"],"yoast_head":"<!-- This site is optimized with the Yoast SEO plugin v27.5 - https:\/\/yoast.com\/product\/yoast-seo-wordpress\/ -->\n<title>INSCRIPTION R\u00c9UNION - 31 mars 2021 - Translanekin<\/title>\n<meta name=\"robots\" content=\"index, follow, max-snippet:-1, max-image-preview:large, max-video-preview:-1\" \/>\n<link rel=\"canonical\" href=\"https:\/\/www.translanekin.eu\/fr\/inscription-reunion-31-mars-2021\/\" \/>\n<meta property=\"og:locale\" content=\"fr_FR\" \/>\n<meta property=\"og:type\" content=\"article\" \/>\n<meta property=\"og:title\" content=\"INSCRIPTION R\u00c9UNION - 31 mars 2021 - Translanekin\" \/>\n<meta property=\"og:description\" content=\"Conform\u00e9ment aux dispositions du r\u00e8glement europ\u00e9en sur la protection des donn\u00e9es, les donn\u00e9es personnelles fournies volontairement avec votre inscription sont g\u00e9r\u00e9es par le responsable de Translanekin qui vous ajoutera \u00e0 la liste de souscripteurs afin de vous envoyer des bulletins d\u2019information via Mailchimp. L\u2019utilisateur dispose d\u2019un droit d\u2019acc\u00e8s, de rectification, de limitation ou de suppression [&hellip;]\" \/>\n<meta property=\"og:url\" content=\"https:\/\/www.translanekin.eu\/fr\/inscription-reunion-31-mars-2021\/\" \/>\n<meta property=\"og:site_name\" content=\"Translanekin\" \/>\n<meta property=\"article:modified_time\" content=\"2021-03-05T09:47:05+00:00\" \/>\n<meta name=\"twitter:card\" content=\"summary_large_image\" \/>\n<meta name=\"twitter:label1\" content=\"Dur\u00e9e de lecture estim\u00e9e\" \/>\n\t<meta name=\"twitter:data1\" content=\"4 minutes\" \/>\n<script type=\"application\/ld+json\" class=\"yoast-schema-graph\">{\"@context\":\"https:\\\/\\\/schema.org\",\"@graph\":[{\"@type\":\"WebPage\",\"@id\":\"https:\\\/\\\/www.translanekin.eu\\\/fr\\\/inscription-reunion-31-mars-2021\\\/\",\"url\":\"https:\\\/\\\/www.translanekin.eu\\\/fr\\\/inscription-reunion-31-mars-2021\\\/\",\"name\":\"INSCRIPTION R\u00c9UNION - 31 mars 2021 - Translanekin\",\"isPartOf\":{\"@id\":\"https:\\\/\\\/www.translanekin.eu\\\/fr\\\/#website\"},\"datePublished\":\"2021-03-05T08:53:00+00:00\",\"dateModified\":\"2021-03-05T09:47:05+00:00\",\"breadcrumb\":{\"@id\":\"https:\\\/\\\/www.translanekin.eu\\\/fr\\\/inscription-reunion-31-mars-2021\\\/#breadcrumb\"},\"inLanguage\":\"fr-FR\",\"potentialAction\":[{\"@type\":\"ReadAction\",\"target\":[\"https:\\\/\\\/www.translanekin.eu\\\/fr\\\/inscription-reunion-31-mars-2021\\\/\"]}]},{\"@type\":\"BreadcrumbList\",\"@id\":\"https:\\\/\\\/www.translanekin.eu\\\/fr\\\/inscription-reunion-31-mars-2021\\\/#breadcrumb\",\"itemListElement\":[{\"@type\":\"ListItem\",\"position\":1,\"name\":\"Portada\",\"item\":\"https:\\\/\\\/www.translanekin.eu\\\/fr\\\/\"},{\"@type\":\"ListItem\",\"position\":2,\"name\":\"INSCRIPTION R\u00c9UNION &#8211; 31 mars 2021\"}]},{\"@type\":\"WebSite\",\"@id\":\"https:\\\/\\\/www.translanekin.eu\\\/fr\\\/#website\",\"url\":\"https:\\\/\\\/www.translanekin.eu\\\/fr\\\/\",\"name\":\"Translanekin\",\"description\":\"Un proyecto para impulsar la movilidad laboral a ambos lados del Pirineo\",\"potentialAction\":[{\"@type\":\"SearchAction\",\"target\":{\"@type\":\"EntryPoint\",\"urlTemplate\":\"https:\\\/\\\/www.translanekin.eu\\\/fr\\\/?s={search_term_string}\"},\"query-input\":{\"@type\":\"PropertyValueSpecification\",\"valueRequired\":true,\"valueName\":\"search_term_string\"}}],\"inLanguage\":\"fr-FR\"}]}<\/script>\n<!-- \/ Yoast SEO plugin. -->","yoast_head_json":{"title":"INSCRIPTION R\u00c9UNION - 31 mars 2021 - Translanekin","robots":{"index":"index","follow":"follow","max-snippet":"max-snippet:-1","max-image-preview":"max-image-preview:large","max-video-preview":"max-video-preview:-1"},"canonical":"https:\/\/www.translanekin.eu\/fr\/inscription-reunion-31-mars-2021\/","og_locale":"fr_FR","og_type":"article","og_title":"INSCRIPTION R\u00c9UNION - 31 mars 2021 - Translanekin","og_description":"Conform\u00e9ment aux dispositions du r\u00e8glement europ\u00e9en sur la protection des donn\u00e9es, les donn\u00e9es personnelles fournies volontairement avec votre inscription sont g\u00e9r\u00e9es par le responsable de Translanekin qui vous ajoutera \u00e0 la liste de souscripteurs afin de vous envoyer des bulletins d\u2019information via Mailchimp. L\u2019utilisateur dispose d\u2019un droit d\u2019acc\u00e8s, de rectification, de limitation ou de suppression [&hellip;]","og_url":"https:\/\/www.translanekin.eu\/fr\/inscription-reunion-31-mars-2021\/","og_site_name":"Translanekin","article_modified_time":"2021-03-05T09:47:05+00:00","twitter_card":"summary_large_image","twitter_misc":{"Dur\u00e9e de lecture estim\u00e9e":"4 minutes"},"schema":{"@context":"https:\/\/schema.org","@graph":[{"@type":"WebPage","@id":"https:\/\/www.translanekin.eu\/fr\/inscription-reunion-31-mars-2021\/","url":"https:\/\/www.translanekin.eu\/fr\/inscription-reunion-31-mars-2021\/","name":"INSCRIPTION R\u00c9UNION - 31 mars 2021 - Translanekin","isPartOf":{"@id":"https:\/\/www.translanekin.eu\/fr\/#website"},"datePublished":"2021-03-05T08:53:00+00:00","dateModified":"2021-03-05T09:47:05+00:00","breadcrumb":{"@id":"https:\/\/www.translanekin.eu\/fr\/inscription-reunion-31-mars-2021\/#breadcrumb"},"inLanguage":"fr-FR","potentialAction":[{"@type":"ReadAction","target":["https:\/\/www.translanekin.eu\/fr\/inscription-reunion-31-mars-2021\/"]}]},{"@type":"BreadcrumbList","@id":"https:\/\/www.translanekin.eu\/fr\/inscription-reunion-31-mars-2021\/#breadcrumb","itemListElement":[{"@type":"ListItem","position":1,"name":"Portada","item":"https:\/\/www.translanekin.eu\/fr\/"},{"@type":"ListItem","position":2,"name":"INSCRIPTION R\u00c9UNION &#8211; 31 mars 2021"}]},{"@type":"WebSite","@id":"https:\/\/www.translanekin.eu\/fr\/#website","url":"https:\/\/www.translanekin.eu\/fr\/","name":"Translanekin","description":"Un proyecto para impulsar la movilidad laboral a ambos lados del Pirineo","potentialAction":[{"@type":"SearchAction","target":{"@type":"EntryPoint","urlTemplate":"https:\/\/www.translanekin.eu\/fr\/?s={search_term_string}"},"query-input":{"@type":"PropertyValueSpecification","valueRequired":true,"valueName":"search_term_string"}}],"inLanguage":"fr-FR"}]}},"_links":{"self":[{"href":"https:\/\/www.translanekin.eu\/fr\/wp-json\/wp\/v2\/pages\/1238","targetHints":{"allow":["GET"]}}],"collection":[{"href":"https:\/\/www.translanekin.eu\/fr\/wp-json\/wp\/v2\/pages"}],"about":[{"href":"https:\/\/www.translanekin.eu\/fr\/wp-json\/wp\/v2\/types\/page"}],"author":[{"embeddable":true,"href":"https:\/\/www.translanekin.eu\/fr\/wp-json\/wp\/v2\/users\/2"}],"replies":[{"embeddable":true,"href":"https:\/\/www.translanekin.eu\/fr\/wp-json\/wp\/v2\/comments?post=1238"}],"version-history":[{"count":3,"href":"https:\/\/www.translanekin.eu\/fr\/wp-json\/wp\/v2\/pages\/1238\/revisions"}],"predecessor-version":[{"id":1247,"href":"https:\/\/www.translanekin.eu\/fr\/wp-json\/wp\/v2\/pages\/1238\/revisions\/1247"}],"wp:attachment":[{"href":"https:\/\/www.translanekin.eu\/fr\/wp-json\/wp\/v2\/media?parent=1238"}],"curies":[{"name":"wp","href":"https:\/\/api.w.org\/{rel}","templated":true}]}}